{"id":797,"date":"2022-09-28T09:09:51","date_gmt":"2022-09-28T09:09:51","guid":{"rendered":"https:\/\/quatuorarmingaud.com\/?page_id=797"},"modified":"2022-10-13T13:57:53","modified_gmt":"2022-10-13T13:57:53","slug":"membres","status":"publish","type":"page","link":"https:\/\/quatuorarmingaud.com\/?page_id=797","title":{"rendered":"Membres"},"content":{"rendered":"\t\t<div data-elementor-type=\"wp-page\" data-elementor-id=\"797\" class=\"elementor elementor-797\">\n\t\t\t\t\t\t\t\t\t<section class=\"elementor-section elementor-top-section elementor-element elementor-element-69c3fbd elementor-section-boxed elementor-section-height-default elementor-section-height-default\" data-id=\"69c3fbd\" data-element_type=\"section\" data-settings=\"{&quot;background_background&quot;:&quot;classic&quot;}\">\n\t\t\t\t\t\t<div class=\"elementor-container elementor-column-gap-default\">\n\t\t\t\t\t<div class=\"elementor-column elementor-col-100 elementor-top-column elementor-element elementor-element-1aa0ec3\" data-id=\"1aa0ec3\" data-element_type=\"column\">\n\t\t\t<div class=\"elementor-widget-wrap elementor-element-populated\">\n\t\t\t\t\t\t\t\t<div class=\"elementor-element elementor-element-24db9c4 elementor-widget elementor-widget-spacer\" data-id=\"24db9c4\" data-element_type=\"widget\" data-widget_type=\"spacer.default\">\n\t\t\t\t<div class=\"elementor-widget-container\">\n\t\t\t<style>\/*! elementor - v3.7.7 - 20-09-2022 *\/\n.elementor-column .elementor-spacer-inner{height:var(--spacer-size)}.e-container{--container-widget-width:100%}.e-container>.elementor-widget-spacer{width:var(--container-widget-width,var(--spacer-size));-ms-flex-item-align:stretch;align-self:stretch;-ms-flex-negative:0;flex-shrink:0}.e-container>.elementor-widget-spacer>.elementor-widget-container,.e-container>.elementor-widget-spacer>.elementor-widget-container>.elementor-spacer{height:100%}.e-container>.elementor-widget-spacer>.elementor-widget-container>.elementor-spacer>.elementor-spacer-inner{height:var(--container-widget-height,var(--spacer-size))}<\/style>\t\t<div class=\"elementor-spacer\">\n\t\t\t<div class=\"elementor-spacer-inner\"><\/div>\n\t\t<\/div>\n\t\t\t\t<\/div>\n\t\t\t\t<\/div>\n\t\t\t\t<section class=\"elementor-section elementor-inner-section elementor-element elementor-element-278ce30 elementor-section-boxed elementor-section-height-default elementor-section-height-default\" data-id=\"278ce30\" data-element_type=\"section\">\n\t\t\t\t\t\t<div class=\"elementor-container elementor-column-gap-default\">\n\t\t\t\t\t<div class=\"elementor-column elementor-col-50 elementor-inner-column elementor-element elementor-element-b2035c5\" data-id=\"b2035c5\" data-element_type=\"column\">\n\t\t\t<div class=\"elementor-widget-wrap elementor-element-populated\">\n\t\t\t\t\t\t\t\t<div class=\"elementor-element elementor-element-6dadb74 elementor-widget elementor-widget-image\" data-id=\"6dadb74\" data-element_type=\"widget\" data-widget_type=\"image.default\">\n\t\t\t\t<div class=\"elementor-widget-container\">\n\t\t\t<style>\/*! elementor - v3.7.7 - 20-09-2022 *\/\n.elementor-widget-image{text-align:center}.elementor-widget-image a{display:inline-block}.elementor-widget-image a img[src$=\".svg\"]{width:48px}.elementor-widget-image img{vertical-align:middle;display:inline-block}<\/style>\t\t\t\t\t\t\t\t\t\t\t\t<img width=\"1024\" height=\"1024\" src=\"https:\/\/quatuorarmingaud.com\/wp-content\/uploads\/2022\/09\/Jean-Louis-perso-site2-1024x1024.jpg\" class=\"attachment-large size-large\" alt=\"\" loading=\"lazy\" srcset=\"https:\/\/quatuorarmingaud.com\/wp-content\/uploads\/2022\/09\/Jean-Louis-perso-site2-1024x1024.jpg 1024w, https:\/\/quatuorarmingaud.com\/wp-content\/uploads\/2022\/09\/Jean-Louis-perso-site2-300x300.jpg 300w, https:\/\/quatuorarmingaud.com\/wp-content\/uploads\/2022\/09\/Jean-Louis-perso-site2-150x150.jpg 150w, https:\/\/quatuorarmingaud.com\/wp-content\/uploads\/2022\/09\/Jean-Louis-perso-site2-768x768.jpg 768w, https:\/\/quatuorarmingaud.com\/wp-content\/uploads\/2022\/09\/Jean-Louis-perso-site2-1536x1536.jpg 1536w, https:\/\/quatuorarmingaud.com\/wp-content\/uploads\/2022\/09\/Jean-Louis-perso-site2-2048x2048.jpg 2048w\" sizes=\"(max-width: 1024px) 100vw, 1024px\" \/>\t\t\t\t\t\t\t\t\t\t\t\t\t\t\t<\/div>\n\t\t\t\t<\/div>\n\t\t\t\t<div class=\"elementor-element elementor-element-e6278d9 elementor-widget elementor-widget-heading\" data-id=\"e6278d9\" data-element_type=\"widget\" data-widget_type=\"heading.default\">\n\t\t\t\t<div class=\"elementor-widget-container\">\n\t\t\t<style>\/*! elementor - v3.7.7 - 20-09-2022 *\/\n.elementor-heading-title{padding:0;margin:0;line-height:1}.elementor-widget-heading .elementor-heading-title[class*=elementor-size-]>a{color:inherit;font-size:inherit;line-height:inherit}.elementor-widget-heading .elementor-heading-title.elementor-size-small{font-size:15px}.elementor-widget-heading .elementor-heading-title.elementor-size-medium{font-size:19px}.elementor-widget-heading .elementor-heading-title.elementor-size-large{font-size:29px}.elementor-widget-heading .elementor-heading-title.elementor-size-xl{font-size:39px}.elementor-widget-heading .elementor-heading-title.elementor-size-xxl{font-size:59px}<\/style><h2 class=\"elementor-heading-title elementor-size-large\">Jean-Louis Constant<\/h2>\t\t<\/div>\n\t\t\t\t<\/div>\n\t\t\t\t<div class=\"elementor-element elementor-element-d197534 elementor-widget elementor-widget-text-editor\" data-id=\"d197534\" data-element_type=\"widget\" data-widget_type=\"text-editor.default\">\n\t\t\t\t<div class=\"elementor-widget-container\">\n\t\t\t<style>\/*! elementor - v3.7.7 - 20-09-2022 *\/\n.elementor-widget-text-editor.elementor-drop-cap-view-stacked .elementor-drop-cap{background-color:#818a91;color:#fff}.elementor-widget-text-editor.elementor-drop-cap-view-framed .elementor-drop-cap{color:#818a91;border:3px solid;background-color:transparent}.elementor-widget-text-editor:not(.elementor-drop-cap-view-default) .elementor-drop-cap{margin-top:8px}.elementor-widget-text-editor:not(.elementor-drop-cap-view-default) .elementor-drop-cap-letter{width:1em;height:1em}.elementor-widget-text-editor .elementor-drop-cap{float:left;text-align:center;line-height:1;font-size:50px}.elementor-widget-text-editor .elementor-drop-cap-letter{display:inline-block}<\/style>\t\t\t\t<p>Form\u00e9 au violon au CRR de Clermont Ferrand (H\u00e9l\u00e8ne Friberg) et \u00e0 l&rsquo;ENM d&rsquo;Aulnay sous Bois (Jos\u00e9 Alvarez), Jean-Louis se perfectionne au CNSMD de Lyon avec Christophe Poiget puis Marie Charvet et y obtient en 2009 son Prix de violon avec mention Tr\u00e8s Bien \u00e0 l&rsquo;unanimit\u00e9 avec les f\u00e9licitations du jury.<\/p><p>Membre fondateur du Quatuor Var\u00e8se jusqu&rsquo;en 2015, il remporte des prix dans la plupart des grands concours internationaux de la discipline : Mozart (Salzburg, 2014), Premio Borciani (Reggio Emilia, 2014), Schubert et la modernit\u00e9 (Graz, 2012), FNAPEC (Paris, 2012, CIMCL (Lyon, 2009)&#8230;<\/p><p>Il recueille au sein de ce quatuor l&rsquo;enseignement de ma\u00eetres mondialement reconnus : G\u00fcnter Pichler, Miguel da Silva, Rainer Schmitt, Ferenc Rados &#8230;<\/p><p>L&rsquo;ensemble se produit avec lui dans les plus prestigieuses salles en France et \u00e0 l&rsquo;\u00e9tranger : Berlin, Tokyo, Naples, Venise, Qu\u00e9bec, Alger, Paris, Metz, Madrid, Z\u00fcrich, Bruxelles, Amsterdam, Utrecht, etc.<\/p><p>En 2014, le Quatuor Var\u00e8se enregistre son premier album, Nocturne, sous le label NomadMusic. Sa sortie est tr\u00e8s chaleureusement salu\u00e9e par la critique : Gramophone, Le Monde, Resmusica\u2026<\/p><p>En 2015 il ouvre un nouveau chapitre de sa vie musicale et se tourne vers l&rsquo;enseignement du violon au conservatoire de Bordeaux, avant sa nomination en 2021 au Conservatoire de Toulouse. Il collabore en parall\u00e8le et ponctuellement avec l&rsquo;Orchestre National du Capitole, l&rsquo;Orchestre National de Bordeaux, Son go\u00fbt pour la musique de chambre, la cr\u00e9ation et la musique contemporaine font de lui un partenaire ou un soliste recherch\u00e9. Il rejoint ainsi r\u00e9guli\u00e8rement l&rsquo;Ensemble Ars Nova, Les Caprices de Marianne, Proxima Centauri, Opus Contemporain.<\/p><p>Six ans apr\u00e8s son d\u00e9part du Quatuor Var\u00e8se, il fonde en 2021 le Quatuor Armingaud, dans lequel il joue du violon ou de l&rsquo;alto selon les programmes.<\/p>\t\t\t\t\t\t<\/div>\n\t\t\t\t<\/div>\n\t\t\t\t<div class=\"elementor-element elementor-element-111ff24 elementor-widget-divider--view-line elementor-widget elementor-widget-divider\" data-id=\"111ff24\" data-element_type=\"widget\" data-widget_type=\"divider.default\">\n\t\t\t\t<div class=\"elementor-widget-container\">\n\t\t\t<style>\/*! elementor - v3.7.7 - 20-09-2022 *\/\n.elementor-widget-divider{--divider-border-style:none;--divider-border-width:1px;--divider-color:#2c2c2c;--divider-icon-size:20px;--divider-element-spacing:10px;--divider-pattern-height:24px;--divider-pattern-size:20px;--divider-pattern-url:none;--divider-pattern-repeat:repeat-x}.elementor-widget-divider .elementor-divider{display:-webkit-box;display:-ms-flexbox;display:flex}.elementor-widget-divider .elementor-divider__text{font-size:15px;line-height:1;max-width:95%}.elementor-widget-divider .elementor-divider__element{margin:0 var(--divider-element-spacing);-ms-flex-negative:0;flex-shrink:0}.elementor-widget-divider .elementor-icon{font-size:var(--divider-icon-size)}.elementor-widget-divider .elementor-divider-separator{display:-webkit-box;display:-ms-flexbox;display:flex;margin:0;direction:ltr}.elementor-widget-divider--view-line_icon .elementor-divider-separator,.elementor-widget-divider--view-line_text .elementor-divider-separator{-webkit-box-align:center;-ms-flex-align:center;align-items:center}.elementor-widget-divider--view-line_icon .elementor-divider-separator:after,.elementor-widget-divider--view-line_icon .elementor-divider-separator:before,.elementor-widget-divider--view-line_text .elementor-divider-separator:after,.elementor-widget-divider--view-line_text .elementor-divider-separator:before{display:block;content:\"\";border-bottom:0;-webkit-box-flex:1;-ms-flex-positive:1;flex-grow:1;border-top:var(--divider-border-width) var(--divider-border-style) var(--divider-color)}.elementor-widget-divider--element-align-left .elementor-divider .elementor-divider-separator>.elementor-divider__svg:first-of-type{-webkit-box-flex:0;-ms-flex-positive:0;flex-grow:0;-ms-flex-negative:100;flex-shrink:100}.elementor-widget-divider--element-align-left .elementor-divider-separator:before{content:none}.elementor-widget-divider--element-align-left .elementor-divider__element{margin-left:0}.elementor-widget-divider--element-align-right .elementor-divider .elementor-divider-separator>.elementor-divider__svg:last-of-type{-webkit-box-flex:0;-ms-flex-positive:0;flex-grow:0;-ms-flex-negative:100;flex-shrink:100}.elementor-widget-divider--element-align-right .elementor-divider-separator:after{content:none}.elementor-widget-divider--element-align-right .elementor-divider__element{margin-right:0}.elementor-widget-divider:not(.elementor-widget-divider--view-line_text):not(.elementor-widget-divider--view-line_icon) .elementor-divider-separator{border-top:var(--divider-border-width) var(--divider-border-style) var(--divider-color)}.elementor-widget-divider--separator-type-pattern{--divider-border-style:none}.elementor-widget-divider--separator-type-pattern.elementor-widget-divider--view-line .elementor-divider-separator,.elementor-widget-divider--separator-type-pattern:not(.elementor-widget-divider--view-line) .elementor-divider-separator:after,.elementor-widget-divider--separator-type-pattern:not(.elementor-widget-divider--view-line) .elementor-divider-separator:before,.elementor-widget-divider--separator-type-pattern:not([class*=elementor-widget-divider--view]) .elementor-divider-separator{width:100%;min-height:var(--divider-pattern-height);-webkit-mask-size:var(--divider-pattern-size) 100%;mask-size:var(--divider-pattern-size) 100%;-webkit-mask-repeat:var(--divider-pattern-repeat);mask-repeat:var(--divider-pattern-repeat);background-color:var(--divider-color);-webkit-mask-image:var(--divider-pattern-url);mask-image:var(--divider-pattern-url)}.elementor-widget-divider--no-spacing{--divider-pattern-size:auto}.elementor-widget-divider--bg-round{--divider-pattern-repeat:round}.rtl .elementor-widget-divider .elementor-divider__text{direction:rtl}.e-container>.elementor-widget-divider{width:var(--container-widget-width,100%);--flex-grow:var(--container-widget-flex-grow,0)}<\/style>\t\t<div class=\"elementor-divider\">\n\t\t\t<span class=\"elementor-divider-separator\">\n\t\t\t\t\t\t<\/span>\n\t\t<\/div>\n\t\t\t\t<\/div>\n\t\t\t\t<\/div>\n\t\t\t\t<div class=\"elementor-element elementor-element-a252dc4 elementor-widget elementor-widget-image\" data-id=\"a252dc4\" data-element_type=\"widget\" data-widget_type=\"image.default\">\n\t\t\t\t<div class=\"elementor-widget-container\">\n\t\t\t\t\t\t\t\t\t\t\t\t\t\t\t<img width=\"1024\" height=\"1024\" src=\"https:\/\/quatuorarmingaud.com\/wp-content\/uploads\/2022\/09\/Fannysite-1024x1024.jpg\" class=\"attachment-large size-large\" alt=\"\" loading=\"lazy\" srcset=\"https:\/\/quatuorarmingaud.com\/wp-content\/uploads\/2022\/09\/Fannysite-1024x1024.jpg 1024w, https:\/\/quatuorarmingaud.com\/wp-content\/uploads\/2022\/09\/Fannysite-300x300.jpg 300w, https:\/\/quatuorarmingaud.com\/wp-content\/uploads\/2022\/09\/Fannysite-150x150.jpg 150w, https:\/\/quatuorarmingaud.com\/wp-content\/uploads\/2022\/09\/Fannysite-768x768.jpg 768w, https:\/\/quatuorarmingaud.com\/wp-content\/uploads\/2022\/09\/Fannysite.jpg 1365w\" sizes=\"(max-width: 1024px) 100vw, 1024px\" \/>\t\t\t\t\t\t\t\t\t\t\t\t\t\t\t<\/div>\n\t\t\t\t<\/div>\n\t\t\t\t<div class=\"elementor-element elementor-element-247782d elementor-widget elementor-widget-heading\" data-id=\"247782d\" data-element_type=\"widget\" data-widget_type=\"heading.default\">\n\t\t\t\t<div class=\"elementor-widget-container\">\n\t\t\t<h2 class=\"elementor-heading-title elementor-size-large\">Fanny Spangaro<\/h2>\t\t<\/div>\n\t\t\t\t<\/div>\n\t\t\t\t<div class=\"elementor-element elementor-element-938c550 elementor-widget elementor-widget-text-editor\" data-id=\"938c550\" data-element_type=\"widget\" data-widget_type=\"text-editor.default\">\n\t\t\t\t<div class=\"elementor-widget-container\">\n\t\t\t\t\t\t\t<p>Fanny Spangaro commence le violoncelle \u00e0 l\u2019\u00e2ge de 5 ans. Elle \u00e9tudie entre autre avec Fr\u00e9d\u00e9ric Borsarello, Philippe Muller, H\u00e9l\u00e8ne Dautry et Oph\u00e9lie Gaillard, avant d\u2019\u00eatre admise en 2007 dans la classe d\u2019Hans-Jakob Eschenburg \u00e0 la Hochschule f\u00fcr Musik \u00abHanns Eisler\u00bb de Berlin. Elle y obtient sa licence mention tr\u00e8s bien.<\/p><p>En parall\u00e8le de ses \u00e9tudes, elle devient acad\u00e9miste \u00e0 l\u2019orchestre de la Radio de Berlin (RSB), sous la direction de Marek Janowski, puis au Konzerthaus de Berlin, sous la direction d\u2019Ivan Fisher.<\/p><p>En 2013, forte de ces exp\u00e9riences orchestrales enrichissantes, Fanny gagne le concours d\u2019admission dans l\u2019orchestre du HPAC (Hyogo Performing Arts Center), au Japon. Un contrat d\u2019une dur\u00e9e de 3 ans, o\u00f9 elle approfondit son apprentissage du m\u00e9tier d\u2019orchestre.<br \/>A son terme, Fanny part aux Etats-Unis, gr\u00e2ce \u00e0 une bourse d\u2019\u00e9tude obtenue \u00e0 la Rice University de Houston. Elle y \u00e9tudie avec Brinton Smith, soliste du Houston Symphony Orchestra, et finalise son Master. Elle participe notamment au festival Tanglewood en 2017, joue avec le Boston Symphony Orchestra et est r\u00e9cipiendaire du Karl Zeise Memorial Cello Award.<\/p><p>Fanny est membre de l\u2019Orchestre National du Capitole de Toulouse depuis Mai 2019.<\/p>\t\t\t\t\t\t<\/div>\n\t\t\t\t<\/div>\n\t\t\t\t<div class=\"elementor-element elementor-element-a21eaca elementor-widget-divider--view-line elementor-widget elementor-widget-divider\" data-id=\"a21eaca\" data-element_type=\"widget\" data-widget_type=\"divider.default\">\n\t\t\t\t<div class=\"elementor-widget-container\">\n\t\t\t\t\t<div class=\"elementor-divider\">\n\t\t\t<span class=\"elementor-divider-separator\">\n\t\t\t\t\t\t<\/span>\n\t\t<\/div>\n\t\t\t\t<\/div>\n\t\t\t\t<\/div>\n\t\t\t\t\t<\/div>\n\t\t<\/div>\n\t\t\t\t<div class=\"elementor-column elementor-col-50 elementor-inner-column elementor-element elementor-element-a46b476\" data-id=\"a46b476\" data-element_type=\"column\">\n\t\t\t<div class=\"elementor-widget-wrap elementor-element-populated\">\n\t\t\t\t\t\t\t\t<div class=\"elementor-element elementor-element-6e57966 elementor-widget elementor-widget-heading\" data-id=\"6e57966\" data-element_type=\"widget\" data-widget_type=\"heading.default\">\n\t\t\t\t<div class=\"elementor-widget-container\">\n\t\t\t<h2 class=\"elementor-heading-title elementor-size-large\">Jean-Baptiste Jourdin<\/h2>\t\t<\/div>\n\t\t\t\t<\/div>\n\t\t\t\t<div class=\"elementor-element elementor-element-91a024e elementor-widget elementor-widget-image\" data-id=\"91a024e\" data-element_type=\"widget\" data-widget_type=\"image.default\">\n\t\t\t\t<div class=\"elementor-widget-container\">\n\t\t\t\t\t\t\t\t\t\t\t\t\t\t\t<img width=\"450\" height=\"450\" src=\"https:\/\/quatuorarmingaud.com\/wp-content\/uploads\/2022\/09\/JBsite.jpg\" class=\"attachment-large size-large\" alt=\"\" loading=\"lazy\" srcset=\"https:\/\/quatuorarmingaud.com\/wp-content\/uploads\/2022\/09\/JBsite.jpg 450w, https:\/\/quatuorarmingaud.com\/wp-content\/uploads\/2022\/09\/JBsite-300x300.jpg 300w, https:\/\/quatuorarmingaud.com\/wp-content\/uploads\/2022\/09\/JBsite-150x150.jpg 150w\" sizes=\"(max-width: 450px) 100vw, 450px\" \/>\t\t\t\t\t\t\t\t\t\t\t\t\t\t\t<\/div>\n\t\t\t\t<\/div>\n\t\t\t\t<div class=\"elementor-element elementor-element-2004126 elementor-widget elementor-widget-text-editor\" data-id=\"2004126\" data-element_type=\"widget\" data-widget_type=\"text-editor.default\">\n\t\t\t\t<div class=\"elementor-widget-container\">\n\t\t\t\t\t\t\t<p>Apr\u00e8s avoir termin\u00e9 ses \u00e9tudes de violon, analyse, musique de chambre et harmonie au Conservatoire national de r\u00e9gion de Nice, Jean-Baptiste Jourdin entre au Conservatoire national sup\u00e9rieur de musique et danse de Lyon dans la classe d&rsquo;Annick Roussin et Laurence Ketels en 2005.<\/p><p>Son int\u00e9r\u00eat pour l&rsquo;orchestre va l&rsquo;amener\u00a0\u00e0\u00a0faire de nombreux stages en orchestres de jeunes tels que l&rsquo;Orchestre des jeunes de la M\u00e9diterran\u00e9e, l\u2019Orchestre fran\u00e7ais des jeunes sous la direction de Jes\u00fas L\u00f3pez Cobos et Jean-Claude Casadessus, le Jeune orchestre Atlantique (interpr\u00e9tation des r\u00e9pertoires classique et romantique sur instruments d&rsquo;\u00e9poque), puis le Gustav Mahler Jugendorchester (orchestre international de jeunes) sous la direction de Herbert Blomstedt.<\/p><p>Au C.N.S.M.D. de Lyon, c&rsquo;est dans la classe de Zoltan Toth et Reiko Kitahama (membres du quatuor Ravel) qu&rsquo;il fonde le quatuor Palmer qui s&rsquo;est notamment produit en 2008 au festival Musicades \u00e0 Lyon. Jean-Baptiste Jourdin a obtenu en 2010 son Master II de violon mention tr\u00e8s bien \u00e0 l&rsquo;unanimit\u00e9 dans la classe de Marie Charvet et Nicolas Gourbeix. Il a par ailleurs eu l&rsquo;occasion de travailler avec des personnalit\u00e9s comme Patrice Fontanarosa, Elisabeth Balmas, Laurent Korcia&#8230;<\/p><p>Jean-Baptiste int\u00e8gre l&rsquo;Orchestre National de Lyon en 2009, puis l&rsquo;Orchestre National du Capitole de Toulouse en 2014.<\/p><p>En 2021, il fonde le quatuor Armingaud dans lequel il est amen\u00e9 \u00e0 jouer aussi bien le violon que l&rsquo;alto.<\/p>\t\t\t\t\t\t<\/div>\n\t\t\t\t<\/div>\n\t\t\t\t<div class=\"elementor-element elementor-element-a448d73 elementor-widget-divider--view-line elementor-widget elementor-widget-divider\" data-id=\"a448d73\" data-element_type=\"widget\" data-widget_type=\"divider.default\">\n\t\t\t\t<div class=\"elementor-widget-container\">\n\t\t\t\t\t<div class=\"elementor-divider\">\n\t\t\t<span class=\"elementor-divider-separator\">\n\t\t\t\t\t\t<\/span>\n\t\t<\/div>\n\t\t\t\t<\/div>\n\t\t\t\t<\/div>\n\t\t\t\t<div class=\"elementor-element elementor-element-8a826c6 elementor-widget elementor-widget-heading\" data-id=\"8a826c6\" data-element_type=\"widget\" data-widget_type=\"heading.default\">\n\t\t\t\t<div class=\"elementor-widget-container\">\n\t\t\t<h2 class=\"elementor-heading-title elementor-size-large\">Tristan Liehr<\/h2>\t\t<\/div>\n\t\t\t\t<\/div>\n\t\t\t\t<div class=\"elementor-element elementor-element-c4e4d7e elementor-widget elementor-widget-image\" data-id=\"c4e4d7e\" data-element_type=\"widget\" data-widget_type=\"image.default\">\n\t\t\t\t<div class=\"elementor-widget-container\">\n\t\t\t\t\t\t\t\t\t\t\t\t\t\t\t<img width=\"1024\" height=\"1024\" src=\"https:\/\/quatuorarmingaud.com\/wp-content\/uploads\/2022\/09\/Tristan-persosite-2-1024x1024.jpg\" class=\"attachment-large size-large\" alt=\"\" loading=\"lazy\" srcset=\"https:\/\/quatuorarmingaud.com\/wp-content\/uploads\/2022\/09\/Tristan-persosite-2-1024x1024.jpg 1024w, https:\/\/quatuorarmingaud.com\/wp-content\/uploads\/2022\/09\/Tristan-persosite-2-300x300.jpg 300w, https:\/\/quatuorarmingaud.com\/wp-content\/uploads\/2022\/09\/Tristan-persosite-2-150x150.jpg 150w, https:\/\/quatuorarmingaud.com\/wp-content\/uploads\/2022\/09\/Tristan-persosite-2-768x768.jpg 768w, https:\/\/quatuorarmingaud.com\/wp-content\/uploads\/2022\/09\/Tristan-persosite-2-1536x1536.jpg 1536w, https:\/\/quatuorarmingaud.com\/wp-content\/uploads\/2022\/09\/Tristan-persosite-2-2048x2048.jpg 2048w\" sizes=\"(max-width: 1024px) 100vw, 1024px\" \/>\t\t\t\t\t\t\t\t\t\t\t\t\t\t\t<\/div>\n\t\t\t\t<\/div>\n\t\t\t\t<div class=\"elementor-element elementor-element-a7855aa elementor-widget elementor-widget-text-editor\" data-id=\"a7855aa\" data-element_type=\"widget\" data-widget_type=\"text-editor.default\">\n\t\t\t\t<div class=\"elementor-widget-container\">\n\t\t\t\t\t\t\t<p>En r\u00e9cital, en musique de chambre ou au&nbsp;sein d&rsquo;ensembles renomm\u00e9s, Tristan Liehr s&rsquo;est d\u00e9j\u00e0 produit dans de nombreux pays \u00e0 travers le monde (Allemagne, Angleterre, Espagne, Portugal, Autriche, Suisse, Pays-Bas, Italie, Gr\u00e8ce, Etats-Unis, Japon, Liban, \u2026), dans quelques unes des plus prestigieuses salles de concert (Concertgebouw, Royal Albert Hall, Barbican Centre Hall, KKL, Suntory Hall, Shirakawa Hall, Musikverein, \u2026).<\/p>\n<p>Apr\u00e8s avoir obtenu \u00e0 seulement 15 ans cinq premiers Prix au CRR de Saint-Maur, Tristan Liehr est admis dans la classe de Vladimir Nemtanu et Kazimerz Olechowski au CNSMD de Lyon. Il en sort dipl\u00f4m\u00e9 d&rsquo;un Master mention tr\u00e8s bien.<\/p>\n<p>Passionn\u00e9 d\u00e8s son plus jeune \u00e2ge par l&rsquo;orchestre, il int\u00e8gre en 2011 le <em>Gustav Mahler Jugendorchester<\/em> fond\u00e9 par Claudio Abbado, puis d\u00e9sireux d&rsquo;approcher le r\u00e9pertoire contemporain, il rejoint en 2013 l&rsquo;orchestre de l&rsquo;<em>Acad\u00e9mie du Festival de Lucerne<\/em> dirig\u00e9e par Pierre Boulez.<\/p>\n<p>Fort de cette formation d&rsquo;excellence, il est nomm\u00e9 en 2015 chef d&rsquo;attaque des seconds violons \u00e0 l&rsquo;Orchestre National Bordeaux Aquitaine, apr\u00e8s avoir \u00e9t\u00e9 deux saisons membre de l&rsquo;Orchestre de l&rsquo;Op\u00e9ra National de Lyon.<\/p>\n<p>Tristan Liehr m\u00e8ne \u00e9galement une intense carri\u00e8re de chambriste. Il fonde en 2017 le <i>Trio Gallien<\/i>, au sein duquel il remporte d\u00e8s l&rsquo;ann\u00e9e suivante plusieurs prix internationaux : Troisi\u00e8me Prix du <em>Concours International \u00ab&nbsp;<\/em><em><i>Franz Schubert und die Musik der Moderne&nbsp;\u00bb<\/i><\/em><em> (<\/em>Autriche), Premier Prix et Prix Sp\u00e9cial du public au <em>Concours International \u00ab&nbsp;<\/em><em><i>Gaetano Zinetti<\/i><\/em><em>&nbsp;\u00bb (<\/em>Italie), Prix Sp\u00e9cial \u00ab&nbsp;<i>Golden Medal<\/i>&nbsp;\u00bb \u00e0 la <em>Vienna International Music Competition<\/em> (Autriche).<\/p>\t\t\t\t\t\t<\/div>\n\t\t\t\t<\/div>\n\t\t\t\t<div class=\"elementor-element elementor-element-479df4d elementor-widget-divider--view-line elementor-widget elementor-widget-divider\" data-id=\"479df4d\" data-element_type=\"widget\" data-widget_type=\"divider.default\">\n\t\t\t\t<div class=\"elementor-widget-container\">\n\t\t\t\t\t<div class=\"elementor-divider\">\n\t\t\t<span class=\"elementor-divider-separator\">\n\t\t\t\t\t\t<\/span>\n\t\t<\/div>\n\t\t\t\t<\/div>\n\t\t\t\t<\/div>\n\t\t\t\t\t<\/div>\n\t\t<\/div>\n\t\t\t\t\t\t\t<\/div>\n\t\t<\/section>\n\t\t\t\t\t<\/div>\n\t\t<\/div>\n\t\t\t\t\t\t\t<\/div>\n\t\t<\/section>\n\t\t\t\t\t\t\t<\/div>\n\t\t","protected":false},"excerpt":{"rendered":"<p>Jean-Louis Constant Form\u00e9 au violon au CRR de Clermont Ferrand (H\u00e9l\u00e8ne Friberg) et \u00e0 l&rsquo;ENM d&rsquo;Aulnay sous Bois (Jos\u00e9 Alvarez), Jean-Louis se perfectionne au CNSMD de Lyon avec Christophe Poiget puis Marie Charvet et y obtient en 2009 son Prix de violon avec mention Tr\u00e8s Bien \u00e0 l&rsquo;unanimit\u00e9 avec les f\u00e9licitations du jury. Membre fondateur &hellip;<\/p>\n<p class=\"read-more\"> <a class=\"\" href=\"https:\/\/quatuorarmingaud.com\/?page_id=797\"> <span class=\"screen-reader-text\">Membres<\/span> Lire la suite\u00a0\u00bb<\/a><\/p>\n","protected":false},"author":1,"featured_media":0,"parent":0,"menu_order":0,"comment_status":"closed","ping_status":"closed","template":"","meta":{"om_disable_all_campaigns":false,"_monsterinsights_skip_tracking":false,"_monsterinsights_sitenote_active":false,"_monsterinsights_sitenote_note":"","_monsterinsights_sitenote_category":0,"site-sidebar-layout":"no-sidebar","site-content-layout":"page-builder","ast-global-header-display":"","ast-main-header-display":"","ast-hfb-above-header-display":"","ast-hfb-below-header-display":"","ast-hfb-mobile-header-display":"","site-post-title":"disabled","ast-breadcrumbs-content":"","ast-featured-img":"disabled","footer-sml-layout":"","theme-transparent-header-meta":"","adv-header-id-meta":"","stick-header-meta":"","header-above-stick-meta":"","header-main-stick-meta":"","header-below-stick-meta":""},"aioseo_notices":[],"_links":{"self":[{"href":"https:\/\/quatuorarmingaud.com\/index.php?rest_route=\/wp\/v2\/pages\/797"}],"collection":[{"href":"https:\/\/quatuorarmingaud.com\/index.php?rest_route=\/wp\/v2\/pages"}],"about":[{"href":"https:\/\/quatuorarmingaud.com\/index.php?rest_route=\/wp\/v2\/types\/page"}],"author":[{"embeddable":true,"href":"https:\/\/quatuorarmingaud.com\/index.php?rest_route=\/wp\/v2\/users\/1"}],"replies":[{"embeddable":true,"href":"https:\/\/quatuorarmingaud.com\/index.php?rest_route=%2Fwp%2Fv2%2Fcomments&post=797"}],"version-history":[{"count":16,"href":"https:\/\/quatuorarmingaud.com\/index.php?rest_route=\/wp\/v2\/pages\/797\/revisions"}],"predecessor-version":[{"id":967,"href":"https:\/\/quatuorarmingaud.com\/index.php?rest_route=\/wp\/v2\/pages\/797\/revisions\/967"}],"wp:attachment":[{"href":"https:\/\/quatuorarmingaud.com\/index.php?rest_route=%2Fwp%2Fv2%2Fmedia&parent=797"}],"curies":[{"name":"wp","href":"https:\/\/api.w.org\/{rel}","templated":true}]}}